{"id":978,"date":"2014-01-02T17:44:10","date_gmt":"2014-01-02T16:44:10","guid":{"rendered":"http:\/\/www.parrocchianissoria.it\/?page_id=978"},"modified":"2014-01-02T17:44:10","modified_gmt":"2014-01-02T16:44:10","slug":"storia-gallery","status":"publish","type":"page","link":"https:\/\/www.parrocchianissoria.it\/index.php\/storia-gallery\/","title":{"rendered":"Storia Gallery"},"content":{"rendered":"<p>[nggallery id=1]<\/p>\n","protected":false},"excerpt":{"rendered":"<p>[nggallery id=1]<\/p>\n","protected":false},"author":1,"featured_media":0,"parent":0,"menu_order":0,"comment_status":"open","ping_status":"open","template":"","meta":{"jetpack_post_was_ever_published":false},"jetpack_sharing_enabled":true,"jetpack_shortlink":"https:\/\/wp.me\/P5aHFt-fM","jetpack-related-posts":[{"id":2,"url":"https:\/\/www.parrocchianissoria.it\/index.php\/storia\/","url_meta":{"origin":978,"position":0},"title":"Storia","author":"admin","date":"7 Ottobre 2013","format":false,"excerpt":"La prima Chiesa, a servizio della popolazione di Nissoria, sorse in contrada Torre dove, all'epoca della dominazione bizantina, \u00e8 documentata l'esistenza di un agglomerato urbano che ospitava gente di probabile origine greca. La Chiesa consisteva in un semplice oratorio costituito da una cappella a croce commissa con orientamento nord sud.\u2026","rel":"","context":"Articolo simile","block_context":{"text":"Articolo simile","link":""},"img":{"alt_text":"1","src":"https:\/\/i0.wp.com\/www.parrocchianissoria.it\/wp\/wp-content\/uploads\/2013\/12\/1.jpg?resize=350%2C200","width":350,"height":200},"classes":[]},{"id":931,"url":"https:\/\/www.parrocchianissoria.it\/index.php\/pastorale\/gruppo-liturgico\/","url_meta":{"origin":978,"position":1},"title":"Gruppo Liturgico","author":"admin","date":"2 Gennaio 2014","format":false,"excerpt":"Si pensa che ogni famiglia ponga una grande cura ai momenti importanti quali il compleanno di un figlio, il\u00a0pranzo del Natale e l\u2019ospitalit\u00e0 di una persona cara\u2026cos\u00ec deve accadere per la Parrocchia. Il momento pi\u00f9 importante della vita di una comunit\u00e0 \u00e8 sicuramente la Messa domenicale, che deve ricevere una\u2026","rel":"","context":"Articolo simile","block_context":{"text":"Articolo simile","link":""},"img":{"alt_text":"","src":"","width":0,"height":0},"classes":[]},{"id":51,"url":"https:\/\/www.parrocchianissoria.it\/index.php\/contatti\/","url_meta":{"origin":978,"position":2},"title":"Contatti","author":"admin","date":"23 Dicembre 2013","format":false,"excerpt":"Parrocchia San Giuseppe, Piazza Duomo 1, 94010 Nissoria (En) Italy Tel: 0935 - 669257 Mail: informazioni@parrocchianissoria.it parrocchianissoria@virgilio.it","rel":"","context":"Articolo simile","block_context":{"text":"Articolo simile","link":""},"img":{"alt_text":"","src":"","width":0,"height":0},"classes":[]},{"id":740,"url":"https:\/\/www.parrocchianissoria.it\/index.php\/san-francesco\/","url_meta":{"origin":978,"position":3},"title":"San Francesco","author":"admin","date":"2 Gennaio 2014","format":false,"excerpt":"San Francesco 2005 Musa - Maggio 2005 San Francesco 2006 San Francesco 2007 San Francesco 2008 \u00a0 \u00a0 BIOGRAFIA Francesco nacque il 27 marzo 1416 a Paola (Cosenza) da Giacomo Martolilla e Vienna da Fuscaldo. Gi\u00e0 in et\u00e0 avanzata, i genitori attribuirono la nascita del loro primogenito all'intercessione di S.\u2026","rel":"","context":"Articolo simile","block_context":{"text":"Articolo simile","link":""},"img":{"alt_text":"","src":"","width":0,"height":0},"classes":[]}],"jetpack_likes_enabled":true,"_links":{"self":[{"href":"https:\/\/www.parrocchianissoria.it\/index.php\/wp-json\/wp\/v2\/pages\/978"}],"collection":[{"href":"https:\/\/www.parrocchianissoria.it\/index.php\/wp-json\/wp\/v2\/pages"}],"about":[{"href":"https:\/\/www.parrocchianissoria.it\/index.php\/wp-json\/wp\/v2\/types\/page"}],"author":[{"embeddable":true,"href":"https:\/\/www.parrocchianissoria.it\/index.php\/wp-json\/wp\/v2\/users\/1"}],"replies":[{"embeddable":true,"href":"https:\/\/www.parrocchianissoria.it\/index.php\/wp-json\/wp\/v2\/comments?post=978"}],"version-history":[{"count":0,"href":"https:\/\/www.parrocchianissoria.it\/index.php\/wp-json\/wp\/v2\/pages\/978\/revisions"}],"wp:attachment":[{"href":"https:\/\/www.parrocchianissoria.it\/index.php\/wp-json\/wp\/v2\/media?parent=978"}],"curies":[{"name":"wp","href":"https:\/\/api.w.org\/{rel}","templated":true}]}}