{"id":27,"date":"2013-12-23T11:21:50","date_gmt":"2013-12-23T10:21:50","guid":{"rendered":"http:\/\/www.parrocchianissoria.it\/wp\/?page_id=27"},"modified":"2013-12-23T11:21:50","modified_gmt":"2013-12-23T10:21:50","slug":"pastorale","status":"publish","type":"page","link":"https:\/\/www.parrocchianissoria.it\/index.php\/pastorale\/","title":{"rendered":"Pastorale"},"content":{"rendered":"","protected":false},"excerpt":{"rendered":"","protected":false},"author":1,"featured_media":0,"parent":0,"menu_order":0,"comment_status":"open","ping_status":"open","template":"","meta":{"jetpack_post_was_ever_published":false},"jetpack_sharing_enabled":true,"jetpack_shortlink":"https:\/\/wp.me\/P5aHFt-r","jetpack-related-posts":[{"id":1868,"url":"https:\/\/www.parrocchianissoria.it\/index.php\/visita-pastorale-2015\/","url_meta":{"origin":27,"position":0},"title":"Visita Pastorale 2015","author":"Salvatore Licata","date":"3 Marzo 2015","format":false,"excerpt":"[nggallery id=51]","rel":"","context":"Articolo simile","block_context":{"text":"Articolo simile","link":""},"img":{"alt_text":"","src":"","width":0,"height":0},"classes":[]},{"id":931,"url":"https:\/\/www.parrocchianissoria.it\/index.php\/pastorale\/gruppo-liturgico\/","url_meta":{"origin":27,"position":1},"title":"Gruppo Liturgico","author":"admin","date":"2 Gennaio 2014","format":false,"excerpt":"Si pensa che ogni famiglia ponga una grande cura ai momenti importanti quali il compleanno di un figlio, il\u00a0pranzo del Natale e l\u2019ospitalit\u00e0 di una persona cara\u2026cos\u00ec deve accadere per la Parrocchia. Il momento pi\u00f9 importante della vita di una comunit\u00e0 \u00e8 sicuramente la Messa domenicale, che deve ricevere una\u2026","rel":"","context":"Articolo simile","block_context":{"text":"Articolo simile","link":""},"img":{"alt_text":"","src":"","width":0,"height":0},"classes":[]},{"id":873,"url":"https:\/\/www.parrocchianissoria.it\/index.php\/pastorale\/corso-prematrimoniale\/","url_meta":{"origin":27,"position":2},"title":"Corso Prematrimoniale","author":"admin","date":"2 Gennaio 2014","format":false,"excerpt":"2006 2007 2008 2009 \u00a0 \u00a0 \u00a0 \u00a0 \u00a0 Il matrimonio religioso comporta la frequenza di uno specifico corso prematrimoniale il quale prepara ad affrontare la vita coniugale. Il suddetto corso facendo riferimento ai principi cristiani aiuta i futuri sposi ad esaminare i principali aspetti, le problematiche e le esigenze\u2026","rel":"","context":"Articolo simile","block_context":{"text":"Articolo simile","link":""},"img":{"alt_text":"","src":"https:\/\/i0.wp.com\/www.parrocchianissoria.it\/wp\/wp-content\/uploads\/2014\/01\/250px-Lo_sposalizio_della_Vergine.png?resize=350%2C200","width":350,"height":200},"classes":[]}],"jetpack_likes_enabled":true,"_links":{"self":[{"href":"https:\/\/www.parrocchianissoria.it\/index.php\/wp-json\/wp\/v2\/pages\/27"}],"collection":[{"href":"https:\/\/www.parrocchianissoria.it\/index.php\/wp-json\/wp\/v2\/pages"}],"about":[{"href":"https:\/\/www.parrocchianissoria.it\/index.php\/wp-json\/wp\/v2\/types\/page"}],"author":[{"embeddable":true,"href":"https:\/\/www.parrocchianissoria.it\/index.php\/wp-json\/wp\/v2\/users\/1"}],"replies":[{"embeddable":true,"href":"https:\/\/www.parrocchianissoria.it\/index.php\/wp-json\/wp\/v2\/comments?post=27"}],"version-history":[{"count":1,"href":"https:\/\/www.parrocchianissoria.it\/index.php\/wp-json\/wp\/v2\/pages\/27\/revisions"}],"predecessor-version":[{"id":28,"href":"https:\/\/www.parrocchianissoria.it\/index.php\/wp-json\/wp\/v2\/pages\/27\/revisions\/28"}],"wp:attachment":[{"href":"https:\/\/www.parrocchianissoria.it\/index.php\/wp-json\/wp\/v2\/media?parent=27"}],"curies":[{"name":"wp","href":"https:\/\/api.w.org\/{rel}","templated":true}]}}