{"id":21,"date":"2013-12-23T11:20:31","date_gmt":"2013-12-23T10:20:31","guid":{"rendered":"http:\/\/www.parrocchianissoria.it\/wp\/?page_id=21"},"modified":"2014-01-02T17:00:42","modified_gmt":"2014-01-02T16:00:42","slug":"amministrazione","status":"publish","type":"page","link":"https:\/\/www.parrocchianissoria.it\/index.php\/amministrazione\/","title":{"rendered":"Amministrazione"},"content":{"rendered":"<p>Per chi volesse dare un&#8217;offerta alla Parrocchia: <br \/>\nConto Corrente Bancario N\u00b0\u00a0<b>000000021656 C.ABI 8954 C.A.B. 83684<\/b><br \/>\nIntestato a:\u00a0<b>PARROCCHIA S. GIUSEPPE VIA VITT. EMANUELE N. 115 94010 NISSORIA EN<\/b><\/p>\n","protected":false},"excerpt":{"rendered":"<p>Per chi volesse dare un&#8217;offerta alla Parrocchia: Conto Corrente Bancario N\u00b0\u00a0000000021656 C.ABI 8954 C.A.B. 83684 Intestato a:\u00a0PARROCCHIA S. GIUSEPPE VIA VITT. EMANUELE N. 115 94010 NISSORIA EN<\/p>\n","protected":false},"author":1,"featured_media":0,"parent":0,"menu_order":0,"comment_status":"open","ping_status":"open","template":"","meta":{"jetpack_post_was_ever_published":false},"jetpack_sharing_enabled":true,"jetpack_shortlink":"https:\/\/wp.me\/P5aHFt-l","jetpack-related-posts":[{"id":51,"url":"https:\/\/www.parrocchianissoria.it\/index.php\/contatti\/","url_meta":{"origin":21,"position":0},"title":"Contatti","author":"admin","date":"23 Dicembre 2013","format":false,"excerpt":"Parrocchia San Giuseppe, Piazza Duomo 1, 94010 Nissoria (En) Italy Tel: 0935 - 669257 Mail: informazioni@parrocchianissoria.it parrocchianissoria@virgilio.it","rel":"","context":"Articolo simile","block_context":{"text":"Articolo simile","link":""},"img":{"alt_text":"","src":"","width":0,"height":0},"classes":[]},{"id":1432,"url":"https:\/\/www.parrocchianissoria.it\/index.php\/collabora-con-noi\/","url_meta":{"origin":21,"position":1},"title":"Collabora con noi","author":"admin","date":"14 Gennaio 2014","format":false,"excerpt":"Questo sito vuole essere contenitore delle attivit\u00e0 della parrocchia San Giuseppe Nissoria. Chi meglio dei parrocchiani possono contribuire a renderlo ricco di contenuti, quali foto, articoli, commenti. Se hai del materiale invialo a informazioni@parrocchianissoria.it Grazie!","rel":"","context":"Articolo simile","block_context":{"text":"Articolo simile","link":""},"img":{"alt_text":"","src":"","width":0,"height":0},"classes":[]},{"id":931,"url":"https:\/\/www.parrocchianissoria.it\/index.php\/pastorale\/gruppo-liturgico\/","url_meta":{"origin":21,"position":2},"title":"Gruppo Liturgico","author":"admin","date":"2 Gennaio 2014","format":false,"excerpt":"Si pensa che ogni famiglia ponga una grande cura ai momenti importanti quali il compleanno di un figlio, il\u00a0pranzo del Natale e l\u2019ospitalit\u00e0 di una persona cara\u2026cos\u00ec deve accadere per la Parrocchia. Il momento pi\u00f9 importante della vita di una comunit\u00e0 \u00e8 sicuramente la Messa domenicale, che deve ricevere una\u2026","rel":"","context":"Articolo simile","block_context":{"text":"Articolo simile","link":""},"img":{"alt_text":"","src":"","width":0,"height":0},"classes":[]},{"id":2,"url":"https:\/\/www.parrocchianissoria.it\/index.php\/storia\/","url_meta":{"origin":21,"position":3},"title":"Storia","author":"admin","date":"7 Ottobre 2013","format":false,"excerpt":"La prima Chiesa, a servizio della popolazione di Nissoria, sorse in contrada Torre dove, all'epoca della dominazione bizantina, \u00e8 documentata l'esistenza di un agglomerato urbano che ospitava gente di probabile origine greca. La Chiesa consisteva in un semplice oratorio costituito da una cappella a croce commissa con orientamento nord sud.\u2026","rel":"","context":"Articolo simile","block_context":{"text":"Articolo simile","link":""},"img":{"alt_text":"1","src":"https:\/\/i0.wp.com\/www.parrocchianissoria.it\/wp\/wp-content\/uploads\/2013\/12\/1.jpg?resize=350%2C200","width":350,"height":200},"classes":[]}],"jetpack_likes_enabled":true,"_links":{"self":[{"href":"https:\/\/www.parrocchianissoria.it\/index.php\/wp-json\/wp\/v2\/pages\/21"}],"collection":[{"href":"https:\/\/www.parrocchianissoria.it\/index.php\/wp-json\/wp\/v2\/pages"}],"about":[{"href":"https:\/\/www.parrocchianissoria.it\/index.php\/wp-json\/wp\/v2\/types\/page"}],"author":[{"embeddable":true,"href":"https:\/\/www.parrocchianissoria.it\/index.php\/wp-json\/wp\/v2\/users\/1"}],"replies":[{"embeddable":true,"href":"https:\/\/www.parrocchianissoria.it\/index.php\/wp-json\/wp\/v2\/comments?post=21"}],"version-history":[{"count":3,"href":"https:\/\/www.parrocchianissoria.it\/index.php\/wp-json\/wp\/v2\/pages\/21\/revisions"}],"predecessor-version":[{"id":950,"href":"https:\/\/www.parrocchianissoria.it\/index.php\/wp-json\/wp\/v2\/pages\/21\/revisions\/950"}],"wp:attachment":[{"href":"https:\/\/www.parrocchianissoria.it\/index.php\/wp-json\/wp\/v2\/media?parent=21"}],"curies":[{"name":"wp","href":"https:\/\/api.w.org\/{rel}","templated":true}]}}