{"id":2,"date":"2013-10-07T14:48:24","date_gmt":"2013-10-07T14:48:24","guid":{"rendered":"http:\/\/www.parrocchianissoria.it\/wp\/?page_id=2"},"modified":"2014-01-15T09:50:01","modified_gmt":"2014-01-15T08:50:01","slug":"storia","status":"publish","type":"page","link":"https:\/\/www.parrocchianissoria.it\/index.php\/storia\/","title":{"rendered":"Storia"},"content":{"rendered":"<p><img data-attachment-id=\"57\" data-permalink=\"https:\/\/www.parrocchianissoria.it\/index.php\/storia\/19-2\/\" data-orig-file=\"https:\/\/i0.wp.com\/www.parrocchianissoria.it\/wp\/wp-content\/uploads\/2013\/12\/19.jpg?fit=281%2C448&amp;ssl=1\" data-orig-size=\"281,448\" data-comments-opened=\"1\" data-image-meta=\"{&quot;aperture&quot;:&quot;0&quot;,&quot;credit&quot;:&quot;&quot;,&quot;camera&quot;:&quot;&quot;,&quot;caption&quot;:&quot;&quot;,&quot;created_timestamp&quot;:&quot;0&quot;,&quot;copyright&quot;:&quot;&quot;,&quot;focal_length&quot;:&quot;0&quot;,&quot;iso&quot;:&quot;0&quot;,&quot;shutter_speed&quot;:&quot;0&quot;,&quot;title&quot;:&quot;&quot;}\" data-image-title=\"19\" data-image-description=\"\" data-image-caption=\"\" data-medium-file=\"https:\/\/i0.wp.com\/www.parrocchianissoria.it\/wp\/wp-content\/uploads\/2013\/12\/19.jpg?fit=188%2C300&amp;ssl=1\" data-large-file=\"https:\/\/i0.wp.com\/www.parrocchianissoria.it\/wp\/wp-content\/uploads\/2013\/12\/19.jpg?fit=281%2C448&amp;ssl=1\" decoding=\"async\" loading=\"lazy\" class=\"alignleft size-full wp-image-57\" alt=\"19\" src=\"https:\/\/i0.wp.com\/www.parrocchianissoria.it\/wp\/wp-content\/uploads\/2013\/12\/19.jpg?resize=281%2C448\" width=\"281\" height=\"448\" srcset=\"https:\/\/i0.wp.com\/www.parrocchianissoria.it\/wp\/wp-content\/uploads\/2013\/12\/19.jpg?w=281&amp;ssl=1 281w, https:\/\/i0.wp.com\/www.parrocchianissoria.it\/wp\/wp-content\/uploads\/2013\/12\/19.jpg?resize=188%2C300&amp;ssl=1 188w\" sizes=\"(max-width: 281px) 100vw, 281px\" data-recalc-dims=\"1\" \/>La prima Chiesa, a servizio della popolazione di Nissoria, sorse in contrada Torre dove, all&#8217;epoca della dominazione bizantina, \u00e8 documentata l&#8217;esistenza di un agglomerato urbano che ospitava gente di probabile origine greca. La Chiesa consisteva in un semplice oratorio costituito da una cappella a croce commissa con orientamento nord sud. La costruzione dell&#8217;edificio odierno avvenne contestualmente alla fondazione dell&#8217;abitato attuale, nella met\u00e0 del XVIII secolo, per volont\u00e0 della famiglia Moncada -Ventimiglia, alla quale il feudo di Nissoria apparteneva dal 1687.<\/p>\n<p>Le caratteristiche climatiche e soprattutto, la naturale posizione strategica di questo territorio, lo rendevano appetibile ed idoneo alla fondazione di un nuovo insediamento; Nissoria \u00e8 una delle &#8220;citt\u00e0 nuove&#8221; fondate dall&#8217;aristocrazia feudale, la quale, nel corso dei secoli XVII e XVIII, promosse un processo di &#8220;colonizzazione interna&#8221; dell&#8217;isola che ebbe i caratteri di una vera e propria pianificazione territoriale. Alla politica portata avanti dalla principessa Ruffo Moncada, quale procuratrice del marito Don Francesco Rodrigo Moncada, si deve la fondazione, nell&#8217;anno 1746, della chiesa ad unica navata dedicata a San Gregorio Armeno, antico patrono della cittadina, del quale si conserva tuttora un quadro.<\/p>\n<p><a href=\"https:\/\/i0.wp.com\/www.parrocchianissoria.it\/wp\/wp-content\/uploads\/2013\/12\/1.jpg\"><img data-attachment-id=\"58\" data-permalink=\"https:\/\/www.parrocchianissoria.it\/index.php\/storia\/attachment\/1\/\" data-orig-file=\"https:\/\/i0.wp.com\/www.parrocchianissoria.it\/wp\/wp-content\/uploads\/2013\/12\/1.jpg?fit=421%2C280&amp;ssl=1\" data-orig-size=\"421,280\" data-comments-opened=\"1\" data-image-meta=\"{&quot;aperture&quot;:&quot;0&quot;,&quot;credit&quot;:&quot;&quot;,&quot;camera&quot;:&quot;&quot;,&quot;caption&quot;:&quot;&quot;,&quot;created_timestamp&quot;:&quot;0&quot;,&quot;copyright&quot;:&quot;&quot;,&quot;focal_length&quot;:&quot;0&quot;,&quot;iso&quot;:&quot;0&quot;,&quot;shutter_speed&quot;:&quot;0&quot;,&quot;title&quot;:&quot;&quot;}\" data-image-title=\"1\" data-image-description=\"\" data-image-caption=\"\" data-medium-file=\"https:\/\/i0.wp.com\/www.parrocchianissoria.it\/wp\/wp-content\/uploads\/2013\/12\/1.jpg?fit=300%2C199&amp;ssl=1\" data-large-file=\"https:\/\/i0.wp.com\/www.parrocchianissoria.it\/wp\/wp-content\/uploads\/2013\/12\/1.jpg?fit=421%2C280&amp;ssl=1\" decoding=\"async\" loading=\"lazy\" class=\"alignright size-full wp-image-58\" alt=\"1\" src=\"https:\/\/i0.wp.com\/www.parrocchianissoria.it\/wp\/wp-content\/uploads\/2013\/12\/1.jpg?resize=421%2C280\" width=\"421\" height=\"280\" srcset=\"https:\/\/i0.wp.com\/www.parrocchianissoria.it\/wp\/wp-content\/uploads\/2013\/12\/1.jpg?w=421&amp;ssl=1 421w, https:\/\/i0.wp.com\/www.parrocchianissoria.it\/wp\/wp-content\/uploads\/2013\/12\/1.jpg?resize=300%2C199&amp;ssl=1 300w\" sizes=\"(max-width: 421px) 100vw, 421px\" data-recalc-dims=\"1\" \/><\/a>Nissoria, nella met\u00e0 del XVIII secolo, conosce una nuova fioritura, essa pi\u00f9 che da una fondazione ex novo sembra sia interessata da un incremento demografico ed edilizio, in risposta ai nuovi equilibri politici sociali creatisi in seguito al matrimonio fra Giovanna Ventimiglia e Luigi Guglielmo Moncada, appartenente ad una delle famiglie pi\u00f9 potenti della Sicilia.<\/p>\n<p>La Chiesa, sorta per sopperire alle esigenze spirituali del piccolo borgo, fu costruita seguendo una prassi consolidata, secondo la quale alle famiglie nobiliari spettava il compito di dotare delle infrastrutture principali i nuovi centri di loro fondazione.\u00a0La chiesa fu all&#8217;inizio una semplice cappellania amministrata mediante una dotazione da parte dei Moncada. L&#8217;elevazione a Parrocchia fu disposta nel 1756 dal Vescovo di Catania Mons. Pietro Galletti e confermata dal suo successore Mons. Ventimiglia. In quello stesso anno, la principessa Moncada, quale procuratrice del marito, assegnava alla erigenda parrocchia una rendita annua di onze 40 in censi enfiteutici riservandosi, in contropartita, il cosiddetto &#8220;ius patronatus&#8221;, il cui pi\u00f9 importante privilegio consisteva nella designazione del nominativo del parroco.<\/p>\n<p>A partire dal 1834 la Chiesa, grazie ad un atto da parte di casa Moncada, disporr\u00e0, per oltre un secolo, di un&#8217;annua rendita enfiteutica; la Chiesa di San Gregorio Armeno non \u00e8 pi\u00f9, dunque, una semplice cappellania di patronato feudale. Il privilegio dello &#8220;ius patronatus&#8221; viene trasferito al Comune che lo eserciter\u00e0 per oltre un secolo, fino al 1955, causando momenti di grande tensione con i vari Parroci via via succedutisi e successivamente, persino con la Curia Vescovile di Nicosia. Dal 1816 Nissoria e la sua chiesa passano dalla giurisdizione del Vescovo di Catania a quella del Vescovo di Piazza Armerina; nell&#8217;ambito di tale diocesi la cittadina rimane fino al 1854, nonostante venisse assegnata nel 1844 alla neoistituita Diocesi di Nicosia. Nell&#8217;Aprile del 1855, la diffusione del culto verso San Giuseppe, diffusosi nel piccolo centro gi\u00e0 nella prima met\u00e0 dell&#8217;800, viene legittimato ufficialmente grazie al Decreto Vescovile di erezione del Patriarca San Giuseppe a Patrono della Chiesa, al posto dell&#8217;antico patrono San Gregorio.<a href=\"https:\/\/i0.wp.com\/www.parrocchianissoria.it\/wp\/wp-content\/uploads\/2013\/12\/9.jpg\"><img data-attachment-id=\"59\" data-permalink=\"https:\/\/www.parrocchianissoria.it\/index.php\/storia\/attachment\/9\/\" data-orig-file=\"https:\/\/i0.wp.com\/www.parrocchianissoria.it\/wp\/wp-content\/uploads\/2013\/12\/9.jpg?fit=268%2C460&amp;ssl=1\" data-orig-size=\"268,460\" data-comments-opened=\"1\" data-image-meta=\"{&quot;aperture&quot;:&quot;0&quot;,&quot;credit&quot;:&quot;&quot;,&quot;camera&quot;:&quot;&quot;,&quot;caption&quot;:&quot;&quot;,&quot;created_timestamp&quot;:&quot;0&quot;,&quot;copyright&quot;:&quot;&quot;,&quot;focal_length&quot;:&quot;0&quot;,&quot;iso&quot;:&quot;0&quot;,&quot;shutter_speed&quot;:&quot;0&quot;,&quot;title&quot;:&quot;&quot;}\" data-image-title=\"9\" data-image-description=\"\" data-image-caption=\"\" data-medium-file=\"https:\/\/i0.wp.com\/www.parrocchianissoria.it\/wp\/wp-content\/uploads\/2013\/12\/9.jpg?fit=174%2C300&amp;ssl=1\" data-large-file=\"https:\/\/i0.wp.com\/www.parrocchianissoria.it\/wp\/wp-content\/uploads\/2013\/12\/9.jpg?fit=268%2C460&amp;ssl=1\" decoding=\"async\" loading=\"lazy\" class=\"alignleft size-full wp-image-59\" alt=\"9\" src=\"https:\/\/i0.wp.com\/www.parrocchianissoria.it\/wp\/wp-content\/uploads\/2013\/12\/9.jpg?resize=268%2C460\" width=\"268\" height=\"460\" srcset=\"https:\/\/i0.wp.com\/www.parrocchianissoria.it\/wp\/wp-content\/uploads\/2013\/12\/9.jpg?w=268&amp;ssl=1 268w, https:\/\/i0.wp.com\/www.parrocchianissoria.it\/wp\/wp-content\/uploads\/2013\/12\/9.jpg?resize=174%2C300&amp;ssl=1 174w\" sizes=\"(max-width: 268px) 100vw, 268px\" data-recalc-dims=\"1\" \/><\/a> La Chiesa, al momento della fondazione, \u00e8 un edificio modesto, sorto in fretta e con scarsit\u00e0 di mezzi. Solo con i successivi lavori di ampliamento, nella met\u00e0 dell&#8217;800, avrebbe\u00a0raggiunto l&#8217;aspetto e le dimensioni attuali. L&#8217;edificio costruito evidentemente con materiale precario, risulta pericolante gi\u00e0 cinquant&#8217;anni dopo dalla sua fondazione; la situazione peggiora ulteriormente negli anni 30, periodo di grandi difficolt\u00e0 economiche per la chiesa che necessita di continue riparazioni delle sue fabbriche .<\/p>\n<p>Nel 1843 furono eseguiti alcuni lavori urgenti di riparazione che ingrandirono tra l&#8217;altro il fabbricato con l&#8217;aggiunta delle due navate laterali. Da alcuni documenti d&#8217;archivio sappiamo che tali lavori, tra l&#8217;altro non ultimati, furono eseguiti in economia e senza l&#8217;ausilio di maestranze qualificate; infatti la situazione edilizia rimase molto precaria Il prospetto ed il campanile vennero successivamente realizzati con il concorso finanziario del Governo, del Comune e dei fedeli ed ultimata (probabilmente) nel 1878. Nel 1891 vennero finalmente costruiti la scalinata ed il piazzale antistante la chiesa. Eccetto gli interventi di ordinaria manutenzione, non si ha alcuna notizia di lavori significativi sino al 1910, anno in cui venne ultimata la pavimentazione della navata centrale.<\/p>\n<p>Nel 1939 vennero realizzati dei lavori nella sagrestia che le diedero l&#8217;aspetto attuale, e precisamente la volta del corridoio, la cameretta e le 6 grandi vetrate. Nel 1943 i bombardamenti che interessarono il territorio nei mesi di Settembre ed Ottobre, causarono notevoli danni all&#8217;edificio che richiesero varie riparazioni, eseguite nel 1948. La Chiesa ha subito diversi interventi nel corso degli ultimi anni.Negli anni &#8217;60, in seguito alle nuove norme stabilite dal l Concilio Vaticano II, l&#8217;abside della navata centrale fu interessata da alcune modifiche, seguite, negli anni &#8217;70, da lavori di pavimentazione delle navate . Gli interventi edilizi nella Chiesa, grazie al concorso finanziario di privati, della Provincia e della Regione, possono dirsi conclusi nell&#8217;anno 1999, anno che vede finalmente la consacrazione dell&#8217;edificio, dopo pi\u00f9 di 250 anni dalla sua fondazione.<\/p>\n<p><a title=\"Storia Gallery\" href=\"http:\/\/www.parrocchianissoria.it\/?page_id=978\" target=\"_blank\">Galleria Fotografica<\/a><\/p>\n","protected":false},"excerpt":{"rendered":"<p>La prima Chiesa, a servizio della popolazione di Nissoria, sorse in contrada Torre dove, all&#8217;epoca della dominazione bizantina, \u00e8 documentata l&#8217;esistenza di un agglomerato urbano che ospitava gente di probabile&hellip;<\/p>\n","protected":false},"author":1,"featured_media":0,"parent":0,"menu_order":0,"comment_status":"open","ping_status":"open","template":"page-templates\/full-width.php","meta":{"jetpack_post_was_ever_published":false},"jetpack_sharing_enabled":true,"jetpack_shortlink":"https:\/\/wp.me\/P5aHFt-2","jetpack-related-posts":[{"id":1432,"url":"https:\/\/www.parrocchianissoria.it\/index.php\/collabora-con-noi\/","url_meta":{"origin":2,"position":0},"title":"Collabora con noi","author":"admin","date":"14 Gennaio 2014","format":false,"excerpt":"Questo sito vuole essere contenitore delle attivit\u00e0 della parrocchia San Giuseppe Nissoria. Chi meglio dei parrocchiani possono contribuire a renderlo ricco di contenuti, quali foto, articoli, commenti. Se hai del materiale invialo a informazioni@parrocchianissoria.it Grazie!","rel":"","context":"Articolo simile","block_context":{"text":"Articolo simile","link":""},"img":{"alt_text":"","src":"","width":0,"height":0},"classes":[]},{"id":873,"url":"https:\/\/www.parrocchianissoria.it\/index.php\/pastorale\/corso-prematrimoniale\/","url_meta":{"origin":2,"position":1},"title":"Corso Prematrimoniale","author":"admin","date":"2 Gennaio 2014","format":false,"excerpt":"2006 2007 2008 2009 \u00a0 \u00a0 \u00a0 \u00a0 \u00a0 Il matrimonio religioso comporta la frequenza di uno specifico corso prematrimoniale il quale prepara ad affrontare la vita coniugale. Il suddetto corso facendo riferimento ai principi cristiani aiuta i futuri sposi ad esaminare i principali aspetti, le problematiche e le esigenze\u2026","rel":"","context":"Articolo simile","block_context":{"text":"Articolo simile","link":""},"img":{"alt_text":"","src":"https:\/\/i0.wp.com\/www.parrocchianissoria.it\/wp\/wp-content\/uploads\/2014\/01\/250px-Lo_sposalizio_della_Vergine.png?resize=350%2C200","width":350,"height":200},"classes":[]},{"id":21,"url":"https:\/\/www.parrocchianissoria.it\/index.php\/amministrazione\/","url_meta":{"origin":2,"position":2},"title":"Amministrazione","author":"admin","date":"23 Dicembre 2013","format":false,"excerpt":"Per chi volesse dare un'offerta alla Parrocchia: Conto Corrente Bancario N\u00b0\u00a0000000021656 C.ABI 8954 C.A.B. 83684 Intestato a:\u00a0PARROCCHIA S. GIUSEPPE VIA VITT. EMANUELE N. 115 94010 NISSORIA EN","rel":"","context":"Articolo simile","block_context":{"text":"Articolo simile","link":""},"img":{"alt_text":"","src":"","width":0,"height":0},"classes":[]},{"id":51,"url":"https:\/\/www.parrocchianissoria.it\/index.php\/contatti\/","url_meta":{"origin":2,"position":3},"title":"Contatti","author":"admin","date":"23 Dicembre 2013","format":false,"excerpt":"Parrocchia San Giuseppe, Piazza Duomo 1, 94010 Nissoria (En) Italy Tel: 0935 - 669257 Mail: informazioni@parrocchianissoria.it parrocchianissoria@virgilio.it","rel":"","context":"Articolo simile","block_context":{"text":"Articolo simile","link":""},"img":{"alt_text":"","src":"","width":0,"height":0},"classes":[]},{"id":740,"url":"https:\/\/www.parrocchianissoria.it\/index.php\/san-francesco\/","url_meta":{"origin":2,"position":4},"title":"San Francesco","author":"admin","date":"2 Gennaio 2014","format":false,"excerpt":"San Francesco 2005 Musa - Maggio 2005 San Francesco 2006 San Francesco 2007 San Francesco 2008 \u00a0 \u00a0 BIOGRAFIA Francesco nacque il 27 marzo 1416 a Paola (Cosenza) da Giacomo Martolilla e Vienna da Fuscaldo. Gi\u00e0 in et\u00e0 avanzata, i genitori attribuirono la nascita del loro primogenito all'intercessione di S.\u2026","rel":"","context":"Articolo simile","block_context":{"text":"Articolo simile","link":""},"img":{"alt_text":"","src":"","width":0,"height":0},"classes":[]},{"id":186,"url":"https:\/\/www.parrocchianissoria.it\/index.php\/tradizioni\/natale\/","url_meta":{"origin":2,"position":5},"title":"Natale","author":"admin","date":"30 Dicembre 2013","format":false,"excerpt":"Natale 2005 Natale 2006 Natale 2007 Natale 2008 Natale 2011 Nella tradizione cristiana, il Natale celebra la nascita di Ges\u00f9 a Betlemme da Maria. Il racconto ci \u00e8 pervenuto attraverso i vangeli secondo Luca e Matteo, che narrano l'annuncio dell'angelo Gabriele, la deposizione nella mangiatoia, l'adorazione dei pastori, la visita\u2026","rel":"","context":"Articolo simile","block_context":{"text":"Articolo simile","link":""},"img":{"alt_text":"Sacra2","src":"https:\/\/i0.wp.com\/www.parrocchianissoria.it\/wp\/wp-content\/uploads\/2013\/12\/Sacra2-1024x512.jpg?resize=350%2C200","width":350,"height":200},"classes":[]}],"jetpack_likes_enabled":true,"_links":{"self":[{"href":"https:\/\/www.parrocchianissoria.it\/index.php\/wp-json\/wp\/v2\/pages\/2"}],"collection":[{"href":"https:\/\/www.parrocchianissoria.it\/index.php\/wp-json\/wp\/v2\/pages"}],"about":[{"href":"https:\/\/www.parrocchianissoria.it\/index.php\/wp-json\/wp\/v2\/types\/page"}],"author":[{"embeddable":true,"href":"https:\/\/www.parrocchianissoria.it\/index.php\/wp-json\/wp\/v2\/users\/1"}],"replies":[{"embeddable":true,"href":"https:\/\/www.parrocchianissoria.it\/index.php\/wp-json\/wp\/v2\/comments?post=2"}],"version-history":[{"count":12,"href":"https:\/\/www.parrocchianissoria.it\/index.php\/wp-json\/wp\/v2\/pages\/2\/revisions"}],"predecessor-version":[{"id":979,"href":"https:\/\/www.parrocchianissoria.it\/index.php\/wp-json\/wp\/v2\/pages\/2\/revisions\/979"}],"wp:attachment":[{"href":"https:\/\/www.parrocchianissoria.it\/index.php\/wp-json\/wp\/v2\/media?parent=2"}],"curies":[{"name":"wp","href":"https:\/\/api.w.org\/{rel}","templated":true}]}}